{"id":2,"date":"2018-12-28T20:43:12","date_gmt":"2018-12-28T19:43:12","guid":{"rendered":"https:\/\/www.casinosozial.at\/?page_id=2"},"modified":"2025-03-09T20:18:32","modified_gmt":"2025-03-09T19:18:32","slug":"beispiel-seite","status":"publish","type":"page","link":"https:\/\/www.casinosozial.at\/","title":{"rendered":"Startseite"},"content":{"rendered":"\n<h2 class=\"wp-block-heading\"><strong>05. 09. 2025<\/strong><br><strong>Einlass ab 19.00 Uhr <\/strong><\/h2>\n\n\n\n<h2 class=\"wp-block-heading\"><strong>Dresscode: Abendkleidung<br>Pfarrheim Perchtoldsdorf<br>Marktplatz 14<\/strong><\/h2>\n\n\n\n<h2 class=\"wp-block-heading\">Casino Sozial &#8211; At a glance<\/h2>\n\n\n\n<p class=\"has-drop-cap\"> Casino Sozial ist ein Benefizprojekt der katholischen Jugend Perchtoldsdorf. Wir planen einen Abend, von dem alle profitieren werden: <br><\/p>\n\n\n<div class=\"wp-block-image\">\n<figure class=\"alignright size-large is-resized\"><img loading=\"lazy\" decoding=\"async\" width=\"1024\" height=\"681\" src=\"https:\/\/www.casinosozial.at\/wp-content\/uploads\/2019\/09\/DSC_1130-1024x681.jpg\" alt=\"\" class=\"wp-image-348\" style=\"width:214px;height:141px\" srcset=\"https:\/\/www.casinosozial.at\/wp-content\/uploads\/2019\/09\/DSC_1130-1024x681.jpg 1024w, https:\/\/www.casinosozial.at\/wp-content\/uploads\/2019\/09\/DSC_1130-300x199.jpg 300w, https:\/\/www.casinosozial.at\/wp-content\/uploads\/2019\/09\/DSC_1130-768x511.jpg 768w, https:\/\/www.casinosozial.at\/wp-content\/uploads\/2019\/09\/DSC_1130-350x233.jpg 350w\" sizes=\"auto, (max-width: 767px) 89vw, (max-width: 1000px) 54vw, (max-width: 1071px) 543px, 580px\" \/><\/figure>\n<\/div>\n\n\n<p class=\"has-drop-cap\"><br>&#8211; einerseits Jugendliche, die die M\u00f6glichkeit haben sich mit Ideen und tatkr\u00e4ftiger Unterst\u00fctzung in das Projekt einzubringen. Je nach Interessen und Talenten gibt es die unterschiedlichsten Bereiche sich zu engagieren, die von Marketing \u00fcber Dekoration bis zur Speisen- und Spielplanung reichen. Die Jugendlichen arbeiten alle freiwillig und somit kann der Reinerl\u00f6s des Abends an unser <a href=\"https:\/\/www.casinosozial.at\/?page_id=7\">Sozialprojekt<\/a> gespendet werden. <\/p>\n\n\n<div class=\"wp-block-image\">\n<figure class=\"alignleft size-large is-resized\"><img loading=\"lazy\" decoding=\"async\" width=\"1024\" height=\"683\" src=\"https:\/\/www.casinosozial.at\/wp-content\/uploads\/2019\/09\/DSC02500-1024x683.jpg\" alt=\"\" class=\"wp-image-366\" style=\"width:218px;height:146px\" srcset=\"https:\/\/www.casinosozial.at\/wp-content\/uploads\/2019\/09\/DSC02500-1024x683.jpg 1024w, https:\/\/www.casinosozial.at\/wp-content\/uploads\/2019\/09\/DSC02500-300x200.jpg 300w, https:\/\/www.casinosozial.at\/wp-content\/uploads\/2019\/09\/DSC02500-768x512.jpg 768w, https:\/\/www.casinosozial.at\/wp-content\/uploads\/2019\/09\/DSC02500-350x233.jpg 350w\" sizes=\"auto, (max-width: 767px) 89vw, (max-width: 1000px) 54vw, (max-width: 1071px) 543px, 580px\" \/><\/figure>\n<\/div>\n\n\n<p>&#8211; andererseits unsere G\u00e4ste, die nat\u00fcrlich am meisten von dem Abend profitieren sollen. Wie? Ein Hauch von Monte Carlo h\u00e4lt Einzug im Pfarrgarten. Nach einem Willkommenssekt erwartet Sie ein abwechslungsreiches Programm: Probieren Sie Ihr Gl\u00fcck an einem der Spieltische, egal ob Sie Anf\u00e4nger oder Profi sind. Die Jetons k\u00f6nnen f\u00fcr eine Spende erworben und am Ende des Abends in verschiedene Preise umgetauscht werden. <br>(Aus rechtlichen Gr\u00fcnden k\u00f6nnen wir Jetons nicht mehr in Geld zur\u00fcck tauschen.) <\/p>\n\n\n<div class=\"wp-block-image\">\n<figure class=\"alignright size-large is-resized\"><img loading=\"lazy\" decoding=\"async\" width=\"1024\" height=\"768\" src=\"https:\/\/www.casinosozial.at\/wp-content\/uploads\/2019\/09\/P6144406-1024x768.jpg\" alt=\"\" class=\"wp-image-409\" style=\"width:206px;height:154px\" srcset=\"https:\/\/www.casinosozial.at\/wp-content\/uploads\/2019\/09\/P6144406-1024x768.jpg 1024w, https:\/\/www.casinosozial.at\/wp-content\/uploads\/2019\/09\/P6144406-300x225.jpg 300w, https:\/\/www.casinosozial.at\/wp-content\/uploads\/2019\/09\/P6144406-768x576.jpg 768w, https:\/\/www.casinosozial.at\/wp-content\/uploads\/2019\/09\/P6144406-350x263.jpg 350w\" sizes=\"auto, (max-width: 767px) 89vw, (max-width: 1000px) 54vw, (max-width: 1071px) 543px, 580px\" \/><figcaption class=\"wp-element-caption\"><br><\/figcaption><\/figure>\n<\/div>\n\n\n<p>Danach sorgt ein sommerlicher Cocktail von der Bar f\u00fcr Erfrischung. Oder wollen Sie lieber zu Live-Musik das Tanzbein schwingen? Falls Sie das Abendbuffet bestellt haben, genie\u00dfen Sie unser dreig\u00e4ngiges Men\u00fc. Casino Sozial, ein Event, das Sie nicht vers\u00e4umen sollten! Wir w\u00fcrden uns sehr freuen, Sie bei Casino Sozial begr\u00fc\u00dfen zu d\u00fcrfen! <\/p>\n\n\n\n<h4 class=\"wp-block-heading\">Schauen Sie bei den Fotos vom <a href=\"https:\/\/www.casinosozial.at\/?page_id=441\">Casino Sozial 2024<\/a> vorbei!<\/h4>\n\n\n\n<p><\/p>\n\n\n\n<figure class=\"wp-block-embed is-type-video is-provider-youtube wp-block-embed-youtube wp-embed-aspect-16-9 wp-has-aspect-ratio\"><div class=\"wp-block-embed__wrapper\">\n<iframe loading=\"lazy\" title=\"Casino Sozial 2024 Trailer\" width=\"525\" height=\"295\" src=\"https:\/\/www.youtube.com\/embed\/8u2Mimuyy1E?feature=oembed\" frameborder=\"0\" allow=\"accelerometer; autoplay; clipboard-write; encrypted-media; gyroscope; picture-in-picture; web-share\" referrerpolicy=\"strict-origin-when-cross-origin\" allowfullscreen><\/iframe>\n<\/div><\/figure>\n","protected":false},"excerpt":{"rendered":"<p>05. 09. 2025Einlass ab 19.00 Uhr Dresscode: AbendkleidungPfarrheim PerchtoldsdorfMarktplatz 14 Casino Sozial &#8211; At a glance Casino Sozial ist ein Benefizprojekt der katholischen Jugend Perchtoldsdorf. Wir planen einen Abend, von dem alle profitieren werden: &#8211; einerseits Jugendliche, die die M\u00f6glichkeit haben sich mit Ideen und tatkr\u00e4ftiger Unterst\u00fctzung in das Projekt einzubringen. Je nach Interessen und &hellip; <\/p>\n<p class=\"link-more\"><a href=\"https:\/\/www.casinosozial.at\/\" class=\"more-link\"><span class=\"screen-reader-text\">\u201eStartseite\u201c<\/span> weiterlesen<\/a><\/p>\n","protected":false},"author":1,"featured_media":0,"parent":0,"menu_order":0,"comment_status":"closed","ping_status":"open","template":"","meta":{"_monsterinsights_skip_tracking":false,"_monsterinsights_sitenote_active":false,"_monsterinsights_sitenote_note":"","_monsterinsights_sitenote_category":0,"footnotes":""},"class_list":["post-2","page","type-page","status-publish","hentry"],"_links":{"self":[{"href":"https:\/\/www.casinosozial.at\/index.php?rest_route=\/wp\/v2\/pages\/2","targetHints":{"allow":["GET"]}}],"collection":[{"href":"https:\/\/www.casinosozial.at\/index.php?rest_route=\/wp\/v2\/pages"}],"about":[{"href":"https:\/\/www.casinosozial.at\/index.php?rest_route=\/wp\/v2\/types\/page"}],"author":[{"embeddable":true,"href":"https:\/\/www.casinosozial.at\/index.php?rest_route=\/wp\/v2\/users\/1"}],"replies":[{"embeddable":true,"href":"https:\/\/www.casinosozial.at\/index.php?rest_route=%2Fwp%2Fv2%2Fcomments&post=2"}],"version-history":[{"count":49,"href":"https:\/\/www.casinosozial.at\/index.php?rest_route=\/wp\/v2\/pages\/2\/revisions"}],"predecessor-version":[{"id":1024,"href":"https:\/\/www.casinosozial.at\/index.php?rest_route=\/wp\/v2\/pages\/2\/revisions\/1024"}],"wp:attachment":[{"href":"https:\/\/www.casinosozial.at\/index.php?rest_route=%2Fwp%2Fv2%2Fmedia&parent=2"}],"curies":[{"name":"wp","href":"https:\/\/api.w.org\/{rel}","templated":true}]}}