{"id":44,"date":"2019-02-14T10:19:42","date_gmt":"2019-02-14T09:19:42","guid":{"rendered":"https:\/\/www.casinosozial.at\/?page_id=44"},"modified":"2025-06-10T17:41:56","modified_gmt":"2025-06-10T15:41:56","slug":"faq","status":"publish","type":"page","link":"https:\/\/www.casinosozial.at\/?page_id=44","title":{"rendered":"FAQ"},"content":{"rendered":"\n<p><strong>Wof\u00fcr wird das Geld gespendet? <\/strong>. <\/p>\n\n\n\n<p>Das Besondere an diesem Abend: Der gesamte Reinerl\u00f6s wird gespendet. Heuer kommt er einem Sozialprojekt zur Unterst\u00fctzung von Kindern, die an einer Polioinfektion schwer erkrankt sind, in Nigeria zugute.<br>Genauere Informationen finden Sie <a href=\"https:\/\/www.casinosozial.at\/?page_id=7\">hier<\/a>.<\/p>\n\n\n\n<p><strong>Wie kann ich Karten bestellen? <\/strong> <br>Eine Bestellung erfolgt \u00fcber unsere Website unter dem Punkt <a href=\"https:\/\/www.casinosozial.at\/?post_type=product\">Karten kaufen<\/a>. Alternativ k\u00f6nnen Sie ab 1. Juni 2025 Karten auch in der Pfarrkanzlei (Marktplatz 14) erwerben.<\/p>\n\n\n\n<p><strong>Was passiert bei der Online-Bestellung? <\/strong><br>Nachdem Sie eine Online-Bestellung get\u00e4tigt haben, erhalten Sie eine Bestellbest\u00e4tigung mit der zu \u00fcberweisenden Summe und den Bankdaten. Sobald eine \u00dcberweisung mit dem entsprechenden Betrag eingegangen ist, wird Ihre Karte unter dem bei der Bestellung angegebenen Namen an der Abendkasse hinterlegt. <br>Sollten Probleme auftreten melden Sie sich unter <a aria-label=\" (\u00f6ffnet in neuem Tab)\" href=\"mailto:info@casinosozial.at\" target=\"_blank\" rel=\"noreferrer noopener\">info@casinosozial.at<\/a> <\/p>\n\n\n\n<p><strong>M\u00fcssen Karten online bestellt werden? <\/strong><br>Nein, es ist ebenso m\u00f6glich, die Karten in der Pfarrkanzlei (Marktplatz 14) zu erwerben.<\/p>\n\n\n\n<p><strong>Gibt es eine Abendkasse?<\/strong><br>Ja, Restkarten k\u00f6nnen auch direkt an einer Abendkasse am Abend der Veranstaltung erworben werden. <br>Die Preise daf\u00fcr betragen:<br>Eintritt: \u20ac20,00<br>Eintritt &amp; Buffet: \u20ac50,00<br>Kinder-Eintritt: \u20ac15,00<br>Bei allen angezeigten Betr\u00e4gen handelt es sich um Mindestspenden zum Erwerb von Eintrittskarten. Der Reinerl\u00f6s der Veranstaltung wird gespendet.<\/p>\n\n\n\n<p><strong>Wie kann ich das Projekt unterst\u00fctzen? <\/strong><br>Es gibt viele verschiedene M\u00f6glichkeiten das Projekt zu unterst\u00fctzen:<br>Sollten Sie einen Gewinn oder anderes sponsern wollen, melden Sie sich bitte hier: <a href=\"mailto:info@casinosozial.at\">info@casinosozial.at<\/a> . Sollten Sie das Projekt direkt unterst\u00fctzen wollen, finden Sie dazu n\u00e4here Informationen auf der Website des <a href=\"https:\/\/www.pfarre-perchtoldsdorf.at\/news\/fluechtlingshilfe-unserer-pfarre\/\">Fl\u00fcchtlingskreis der Pfarre Perchtoldsdorf<\/a><a href=\"http:\/\/www.hifa.at\/index.php\/projekte\">.<\/a><\/p>\n\n\n\n<p><strong>Fahrservice &#8211; Deluxe-Paket <\/strong><br>Sie haben das Deluxe-Paket inklusive Fahrservice gew\u00e4hlt und noch keinen Abholzeitpunkt vereinbart? Melden Sie sich einfach unter 0664 418 19 16 oder unter <a href=\"mailto:reservierung@casinosozial.at\">reservierung@casinosozial.at<\/a>!<\/p>\n\n\n\n<p><strong>Wer arbeitet bei dem Event mit? <\/strong> <br>Am Event beteiligen sich Jugendliche aus Perchtoldsdorf und Umgebung. Wir verrichten unsere Aufgaben freiwillig und unentgeltlich. <\/p>\n","protected":false},"excerpt":{"rendered":"<p>Wof\u00fcr wird das Geld gespendet? . Das Besondere an diesem Abend: Der gesamte Reinerl\u00f6s wird gespendet. Heuer kommt er einem Sozialprojekt zur Unterst\u00fctzung von Kindern, die an einer Polioinfektion schwer erkrankt sind, in Nigeria zugute.Genauere Informationen finden Sie hier. Wie kann ich Karten bestellen? Eine Bestellung erfolgt \u00fcber unsere Website unter dem Punkt Karten kaufen. &hellip; <\/p>\n<p class=\"link-more\"><a href=\"https:\/\/www.casinosozial.at\/?page_id=44\" class=\"more-link\"><span class=\"screen-reader-text\">\u201eFAQ\u201c<\/span> weiterlesen<\/a><\/p>\n","protected":false},"author":1,"featured_media":0,"parent":0,"menu_order":0,"comment_status":"closed","ping_status":"closed","template":"","meta":{"_monsterinsights_skip_tracking":false,"_monsterinsights_sitenote_active":false,"_monsterinsights_sitenote_note":"","_monsterinsights_sitenote_category":0,"footnotes":""},"class_list":["post-44","page","type-page","status-publish","hentry"],"_links":{"self":[{"href":"https:\/\/www.casinosozial.at\/index.php?rest_route=\/wp\/v2\/pages\/44","targetHints":{"allow":["GET"]}}],"collection":[{"href":"https:\/\/www.casinosozial.at\/index.php?rest_route=\/wp\/v2\/pages"}],"about":[{"href":"https:\/\/www.casinosozial.at\/index.php?rest_route=\/wp\/v2\/types\/page"}],"author":[{"embeddable":true,"href":"https:\/\/www.casinosozial.at\/index.php?rest_route=\/wp\/v2\/users\/1"}],"replies":[{"embeddable":true,"href":"https:\/\/www.casinosozial.at\/index.php?rest_route=%2Fwp%2Fv2%2Fcomments&post=44"}],"version-history":[{"count":32,"href":"https:\/\/www.casinosozial.at\/index.php?rest_route=\/wp\/v2\/pages\/44\/revisions"}],"predecessor-version":[{"id":1031,"href":"https:\/\/www.casinosozial.at\/index.php?rest_route=\/wp\/v2\/pages\/44\/revisions\/1031"}],"wp:attachment":[{"href":"https:\/\/www.casinosozial.at\/index.php?rest_route=%2Fwp%2Fv2%2Fmedia&parent=44"}],"curies":[{"name":"wp","href":"https:\/\/api.w.org\/{rel}","templated":true}]}}