{"id":9,"date":"2018-12-28T20:47:58","date_gmt":"2018-12-28T19:47:58","guid":{"rendered":"https:\/\/www.casinosozial.at\/?page_id=9"},"modified":"2022-03-16T21:24:14","modified_gmt":"2022-03-16T20:24:14","slug":"testseite-3","status":"publish","type":"page","link":"https:\/\/www.casinosozial.at\/?page_id=9","title":{"rendered":"Impressum"},"content":{"rendered":"\n<p><strong>Medieninhaber, Herausgeber<\/strong><br>R\u00f6m. -kath. Pfarre Perchtoldsdorf <br>Marktplatz 14 <br>2380 Perchtoldsdorf <br>AUSTRIA<br>Tel.: +43(1) 869 02 26 <br>Fax.: +43(1) 869 02 26\/33<br>E-Mail: <a href=\"mailto:info@casinosozial.at\">info@casinosozial.at<\/a><\/p>\n\n\n\n<p><strong>Gew\u00e4hrleistung <\/strong><br>Wir bem\u00fchen uns um m\u00f6glichst korrekte und aktuelle Information. Die Inhalte wurden sorgf\u00e4ltig erarbeitet. Trotzdem k\u00f6nnen Fehler auftreten. Autoren und Herausgeber \u00fcbernehmen keine Gew\u00e4hr und Haftung f\u00fcr die Richtigkeit, Zuverl\u00e4ssigkeit, Vollst\u00e4ndigkeit und Aktualit\u00e4t der Information. Die Verwendung der Website und der darin enthaltenen Informationen erfolgt auf eigene Gefahr. \u00c4nderungen k\u00f6nnen jederzeit vorgenommen werden. <\/p>\n\n\n\n<p><strong>Verweise und Links<\/strong> <br>Bei direkten oder indirekten Verweisen auf fremde Webseiten (&#8222;Hyperlinks&#8220;), die au\u00dferhalb des Verantwortungsbereiches des Autors liegen, w\u00fcrde eine Haftungsverpflichtung ausschlie\u00dflich in dem Fall in Kraft treten, in dem der Autor von den Inhalten Kenntnis hat und es ihm technisch m\u00f6glich und zumutbar w\u00e4re, die Nutzung im Falle rechtswidriger Inhalte zu verhindern. Der Autor erkl\u00e4rt hiermit ausdr\u00fccklich, dass zum Zeitpunkt der Linksetzung keine illegalen Inhalte auf den zu verlinkenden Seiten erkennbar waren. Auf die aktuelle und zuk\u00fcnftige Gestaltung, die Inhalte oder die Urheberschaft der verlinkten\/verkn\u00fcpften Seiten hat der Autor keinerlei Einfluss. Deshalb distanziert er sich hiermit ausdr\u00fccklich von allen Inhalten aller verlinkten \/verkn\u00fcpften Seiten, die nach der Linksetzung ver\u00e4ndert wurden. Diese Feststellung gilt f\u00fcr alle innerhalb des eigenen Internetangebotes gesetzten Links und Verweise sowie f\u00fcr Fremdeintr\u00e4ge in vom Autor eingerichteten G\u00e4steb\u00fcchern, Diskussionsforen, Linkverzeichnissen, Mailinglisten und in allen anderen Formen von Datenbanken, auf deren Inhalt externe Schreibzugriffe m\u00f6glich sind. F\u00fcr illegale, fehlerhafte oder unvollst\u00e4ndige Inhalte und insbesondere f\u00fcr Sch\u00e4den, die aus der Nutzung oder Nichtnutzung solcherart dargebotener Informationen entstehen, haftet allein der Anbieter der Seite, auf welche verwiesen wurde, nicht derjenige, der \u00fcber Links auf die jeweilige Ver\u00f6ffentlichung lediglich verweist <\/p>\n\n\n\n<p><strong>Bildmaterial<\/strong><\/p>\n\n\n\n<p>Fotos von den Tertiarschwestern &#8211; <a href=\"https:\/\/tertiarschwestern.at\/de\/bolivien\/zukunft-schenken.php\">https:\/\/tertiarschwestern.at\/de\/bolivien\/zukunft-schenken.php<\/a><br>Fotos im Fotoalbum von Matthias Russwurm, Simon Russwurm und Miriam Morgenbesser.<br>Die anderen Fotos wurden zur freien kommerziellen Nutzung von der Plattform <a href=\"https:\/\/pixabay.com\/\">Pixabay<\/a> ausgesucht und verwendet.<\/p>\n\n\n\n<p><strong>Implementierung\/&nbsp;Design<\/strong><\/p>\n\n\n\n<p>Diese Seite wurde von Larissa Kuntze implementiert und als Basis wurde das WordPress-Design <em>Twenty Seventeen<\/em> verwendet.<\/p>\n\n\n\n<h4 class=\"wp-block-heading\"><strong>Erkl\u00e4rung zur Informationspflicht<\/strong> <\/h4>\n\n\n\n<p><strong>Datenschutzerkl\u00e4rung <\/strong><br>Der Schutz Ihrer pers\u00f6nlichen Daten ist uns ein besonderes Anliegen. Wir verarbeiten Ihre Daten daher ausschlie\u00dflich auf Grundlage der gesetzlichen Bestimmungen (DSGVO, TKG 2003). In diesen Datenschutzinformationen informieren wir Sie \u00fcber die wichtigsten Aspekte der Datenverarbeitung im Rahmen unserer Website. <\/p>\n\n\n\n<p><strong>Kontakt mit uns  <\/strong><br>Wenn Sie per Formular auf der Website oder per E-Mail Kontakt mit uns aufnehmen, werden Ihre angegebenen Daten zwecks Bearbeitung der Anfrage und f\u00fcr den Fall von Anschlussfragen sechs Monate bei uns gespeichert. Diese Daten geben wir nicht ohne Ihre Einwilligung weiter. <\/p>\n\n\n\n<p><strong>Datenspeicherung <\/strong><br>Wir weisen darauf hin, dass zum Zweck des einfacheren Spendenvorganges und zur sp\u00e4teren Abwicklung im Rahmen von Cookies die IP-Daten des Anschlussinhabers gespeichert werden, ebenso wie Name, Anschrift, E-Mail-Adresse und Telefonnummer des Spenders.<br>Die von Ihnen bereit gestellten Daten sind zur Durchf\u00fchrung der Ma\u00dfnahmen erforderlich. Ohne diese Daten k\u00f6nnen wir den Spendenvorgang mit Ihnen nicht abschlie\u00dfen. Eine Daten\u00fcbermittlung an Dritte erfolgt nicht.<br>Nach Abbruch des Spendenvorganges werden die bei uns gespeicherten Daten gel\u00f6scht.<br>Die Daten Name, Anschrift, E-Mail-Adresse, Telefonnummer, Spendenbetrag und Spendendatum werden dar\u00fcber hinaus maximal 6 Monate gespeichert. Die Datenverarbeitung erfolgt auf Basis der gesetzlichen Bestimmungen des \u00a7 96 Abs 3 TKG sowie des Art 6 Abs 1 lit a (Einwilligung) und\/oder lit b (notwendig zur Vertragserf\u00fcllung) der DSGVO.<\/p>\n\n\n\n<p><strong>Cookies<\/strong><br>Unsere Website verwendet so genannte Cookies. Dabei handelt es sich um kleine Textdateien, die mit Hilfe des Browsers auf Ihrem Endger\u00e4t abgelegt werden. Sie richten keinen Schaden an.<br>Wir nutzen Cookies dazu, unser Angebot nutzerfreundlich zu gestalten. Einige Cookies bleiben auf Ihrem Endger\u00e4t gespeichert, bis Sie diese l\u00f6schen. Sie erm\u00f6glichen es uns, Ihren Browser beim n\u00e4chsten Besuch wiederzuerkennen.<br>Wenn Sie dies nicht w\u00fcnschen, so k\u00f6nnen Sie Ihren Browser so einrichten, dass er Sie \u00fcber das Setzen von Cookies informiert und Sie dies nur im Einzelfall erlauben.<br>Bei der Deaktivierung von Cookies kann die Funktionalit\u00e4t unserer Website eingeschr\u00e4nkt sein.<\/p>\n\n\n\n<p><strong>Ihre Rechte<\/strong><br>Ihnen stehen bez\u00fcglich Ihrer bei uns gespeicherten Daten grunds\u00e4tzlich die Rechte auf Auskunft, Berichtigung, L\u00f6schung, Einschr\u00e4nkung, Daten\u00fcbertragbarkeit, Widerruf und Widerspruch zu. Wenn Sie glauben, dass die Verarbeitung Ihrer Daten gegen das Datenschutzrecht verst\u00f6\u00dft oder Ihre datenschutzrechtlichen Anspr\u00fcche sonst in einer Weise verletzt worden sind, k\u00f6nnen Sie sich bei uns <a href=\"mailto:info@casinosozial.at\">info@casinosozial.at<\/a> oder der Datenschutzbeh\u00f6rde beschweren. <\/p>\n\n\n\n<p><strong>Google Analytics<\/strong><br>Diese Website benutzt Google Analytics, einen Webanalysedienst der  Google Inc. (\u201eGoogle\u201c). Google Analytics verwendet sog. \u201eCookies\u201c,  Textdateien, die auf Ihrem Computer gespeichert werden und die eine  Analyse der Benutzung der Website durch Sie erm\u00f6glicht. Die durch den  Cookie erzeugten Informationen \u00fcber Ihre Benutzung diese Website  (einschlie\u00dflich Ihrer IP-Adresse) wird an einen Server von Google in den  USA \u00fcbertragen und dort gespeichert. Google wird diese Informationen  benutzen, um Ihre Nutzung der Website auszuwerten, um Reports \u00fcber die  Websiteaktivit\u00e4ten f\u00fcr die Websitebetreiber zusammenzustellen und um  weitere mit der Websitenutzung und der Internetnutzung verbundene  Dienstleistungen zu erbringen. Auch wird Google diese Informationen  gegebenenfalls an Dritte \u00fcbertragen, sofern dies gesetzlich  vorgeschrieben oder soweit Dritte diese Daten im Auftrag von Google  verarbeiten. Google wird in keinem Fall Ihre IP-Adresse mit anderen  Daten der Google in Verbindung bringen. Sie k\u00f6nnen die Installation der  Cookies durch eine entsprechende Einstellung Ihrer Browser Software  verhindern; wir weisen Sie jedoch darauf hin, dass Sie in diesem Fall  gegebenenfalls nicht s\u00e4mtliche Funktionen dieser Website voll umf\u00e4nglich  nutzen k\u00f6nnen. Durch die Nutzung dieser Website erkl\u00e4ren Sie sich mit  der Bearbeitung der \u00fcber Sie erhobenen Daten durch Google in der zuvor  beschriebenen Art und Weise und zu dem zuvor benannten Zweck  einverstanden.<\/p>\n\n\n\n<p><strong>Sie erreichen uns unter folgenden Kontaktdaten: <\/strong><br>R\u00f6m. -kath. Pfarre Perchtoldsdorf <br>Marktplatz 14 <br>2380 Perchtoldsdorf <br>AUSTRIA<\/p>\n\n\n\n<p>Tel.: +43(1) 869 02 26 <br>Fax.: +43(1) 869 02 26\/33<\/p>\n\n\n\n<p>E-Mail: <a href=\"mailto:info@casinosozial.at\">info@casinosozial.at<\/a><\/p>\n","protected":false},"excerpt":{"rendered":"<p>Medieninhaber, HerausgeberR\u00f6m. -kath. Pfarre Perchtoldsdorf Marktplatz 14 2380 Perchtoldsdorf AUSTRIATel.: +43(1) 869 02 26 Fax.: +43(1) 869 02 26\/33E-Mail: info@casinosozial.at Gew\u00e4hrleistung Wir bem\u00fchen uns um m\u00f6glichst korrekte und aktuelle Information. Die Inhalte wurden sorgf\u00e4ltig erarbeitet. Trotzdem k\u00f6nnen Fehler auftreten. Autoren und Herausgeber \u00fcbernehmen keine Gew\u00e4hr und Haftung f\u00fcr die Richtigkeit, Zuverl\u00e4ssigkeit, Vollst\u00e4ndigkeit und Aktualit\u00e4t der &hellip; <\/p>\n<p class=\"link-more\"><a href=\"https:\/\/www.casinosozial.at\/?page_id=9\" class=\"more-link\"><span class=\"screen-reader-text\">\u201eImpressum\u201c<\/span> weiterlesen<\/a><\/p>\n","protected":false},"author":1,"featured_media":0,"parent":0,"menu_order":0,"comment_status":"closed","ping_status":"closed","template":"","meta":{"_monsterinsights_skip_tracking":false,"_monsterinsights_sitenote_active":false,"_monsterinsights_sitenote_note":"","_monsterinsights_sitenote_category":0,"footnotes":""},"class_list":["post-9","page","type-page","status-publish","hentry"],"_links":{"self":[{"href":"https:\/\/www.casinosozial.at\/index.php?rest_route=\/wp\/v2\/pages\/9","targetHints":{"allow":["GET"]}}],"collection":[{"href":"https:\/\/www.casinosozial.at\/index.php?rest_route=\/wp\/v2\/pages"}],"about":[{"href":"https:\/\/www.casinosozial.at\/index.php?rest_route=\/wp\/v2\/types\/page"}],"author":[{"embeddable":true,"href":"https:\/\/www.casinosozial.at\/index.php?rest_route=\/wp\/v2\/users\/1"}],"replies":[{"embeddable":true,"href":"https:\/\/www.casinosozial.at\/index.php?rest_route=%2Fwp%2Fv2%2Fcomments&post=9"}],"version-history":[{"count":16,"href":"https:\/\/www.casinosozial.at\/index.php?rest_route=\/wp\/v2\/pages\/9\/revisions"}],"predecessor-version":[{"id":516,"href":"https:\/\/www.casinosozial.at\/index.php?rest_route=\/wp\/v2\/pages\/9\/revisions\/516"}],"wp:attachment":[{"href":"https:\/\/www.casinosozial.at\/index.php?rest_route=%2Fwp%2Fv2%2Fmedia&parent=9"}],"curies":[{"name":"wp","href":"https:\/\/api.w.org\/{rel}","templated":true}]}}